{"id":8618,"date":"2023-07-21T19:06:14","date_gmt":"2023-07-21T23:06:14","guid":{"rendered":"https:\/\/abrisdunord.com\/produit\/rental-double-carport\/"},"modified":"2023-07-21T19:06:14","modified_gmt":"2023-07-21T23:06:14","slug":"location-abris-dauto-double","status":"publish","type":"product","link":"https:\/\/old.abrisdunord.com\/en\/produit\/location-abris-dauto-double\/","title":{"rendered":"Rental &#8211; Double Carport"},"content":{"rendered":"","protected":false},"excerpt":{"rendered":"<p>With all rentals, installation, de-installation, metal rod anchors &amp; storage are included.<\/p>\n<ul>\n<li>Clearance height: 6&#8217;6&#8243;<\/li>\n<li>Overall height: 8&#8242;.<\/li>\n<li>Fabric: Woven polyethylene, 240 gr\/m2<\/li>\n<li>UV protection E.V.S. Keeps the flexibility in cold weather in winter.<\/li>\n<li>Color: White<\/li>\n<li>Arch spacing: 4&#8242;.<\/li>\n<li>Arches: 18 GA galvanized steel 1 \u00bc&#8221; round pipe<\/li>\n<li>Windows on each side of the shelter<\/li>\n<li>Doors at both ends of the shelter<\/li>\n<\/ul>\n","protected":false},"featured_media":11963,"comment_status":"open","ping_status":"closed","template":"","meta":[],"product_brand":[],"product_cat":[159,161],"product_tag":[],"class_list":{"0":"post-8618","1":"product","2":"type-product","3":"status-publish","4":"has-post-thumbnail","6":"product_cat-car-shelter-rental","7":"product_cat-double-shelter","8":"wcpa_has_options","10":"first","11":"instock","12":"taxable","13":"shipping-taxable","14":"purchasable","15":"product-type-variable"},"wcpa_form_fields":{"rules":{"pric_overide_base_price":false,"pric_overide_base_price_if_gt_zero":false,"pric_overide_base_price_fully":false,"pric_cal_option_once":false,"pric_use_as_fee":false,"bind_quantity":false,"quantity_bind_formula":false},"fields":[{"type":"select","elementId":"wcpa-select-64b9c409b5591","label":"Porte de c\u00f4t\u00e9","enablePrice":true,"priceOptions":"different_for_all","pricingType":"fixed","name":"select-64b9c409b559c","cl_rule":"show","col":6,"values":[{"label":"Sans Porte","value":"sans-porte","price":"","pimage":"","pimage_id":"","pthumb":"","selected":true},{"label":"Avec Porte","value":"avec-porte","price":"150","pimage":"","pimage_id":"","pthumb":""}],"relations":false,"price":0,"form_id":8688,"form_rules":{"pric_cal_option_once":false,"exclude_from_discount":false,"pric_use_as_fee":false,"fee_label":"Frais","render_after_acb":false,"disp_hide_options_price":false}},{"type":"select","elementId":"wcpa-select-1691433375795","label":"Ancrage Permanents","enablePrice":true,"priceOptions":"different_for_all","pricingType":"fixed","name":"select-1691433375795","enableCl":true,"cl_rule":"show","cl_val":"80","operator":"or","col":6,"values":[{"label":"Sans Ancrage","value":"sans-ancrage","price":"","pimage":"","pimage_id":"","pthumb":"","selected":true},{"label":"Avec Ancrage Permanents (SANS installation)","value":"avec-ancrage","price":"100","pimage":"","pimage_id":"","pthumb":""},{"label":"Avec Ancrage Permanents (AVEC installation)","value":"avec-ancrage-avec-install","price":"160","pimage":"","pimage_id":"","pthumb":""}],"relations":[{"operator":false,"rules":[{"operator":"or","rules":{"cl_field":"attribute","cl_relation":"pa_longueur-simple","cl_val":"12-pieds"}},{"operator":false,"rules":{"cl_field":"attribute","cl_relation":"pa_longueur-simple","cl_val":"16-pieds"}}]}],"price":0,"form_id":8688,"form_rules":{"pric_cal_option_once":false,"exclude_from_discount":false,"pric_use_as_fee":false,"fee_label":"Frais","render_after_acb":false,"disp_hide_options_price":false}},{"type":"select","elementId":"wcpa-select-1691436475776","label":"Ancrage Permanents","enablePrice":true,"priceOptions":"different_for_all","pricingType":"fixed","name":"select-1691436475771","enableCl":true,"cl_rule":"show","cl_val":"81","operator":"or","col":6,"values":[{"label":"Sans Ancrage","value":"sans-ancrage","price":"","pimage":"","pimage_id":"","pthumb":""},{"label":"Avec Ancrage Permanents (SANS installation)","value":"avec-ancrage","price":"100","pimage":"","pimage_id":"","pthumb":""},{"label":"Avec Ancrage Permanents (AVEC installation)","value":"avec-ancrage-avec-install","price":"160","pimage":"","pimage_id":"","pthumb":""},{"label":"Avec Ancrage Permanents (6) (SANS installation)","value":"avec-ancrage","price":"150","pimage":"","pimage_id":"","pthumb":""},{"label":"Avec Ancrage Permanents (6) (AVEC installation)","value":"avec-ancrage-avec-install","price":"240","pimage":"","pimage_id":"","pthumb":""}],"relations":[{"operator":false,"rules":[{"operator":"or","rules":{"cl_field":"attribute","cl_relation":"pa_longueur-simple","cl_val":"24-pieds"}},{"operator":false,"rules":{"cl_field":"attribute","cl_relation":"pa_longueur-simple","cl_val":"28-pieds"}}]}],"price":0,"form_id":8688,"form_rules":{"pric_cal_option_once":false,"exclude_from_discount":false,"pric_use_as_fee":false,"fee_label":"Frais","render_after_acb":false,"disp_hide_options_price":false}},{"type":"select","elementId":"wcpa-select-1691436515007","label":"Ancrage Permanents","enablePrice":true,"priceOptions":"different_for_all","pricingType":"fixed","name":"select-1691436515004","enableCl":true,"cl_rule":"show","cl_val":"83","operator":"or","col":6,"values":[{"label":"Sans Ancrage","value":"sans-ancrage","price":"","pimage":"","pimage_id":"","pthumb":"","selected":true},{"label":"Avec Ancrage Permanents (SANS installation)","value":"avec-ancrage","price":"150","pimage":"","pimage_id":"","pthumb":""},{"label":"Avec Ancrage Permanents (AVEC installation)","value":"avec-ancrage-avec-install","price":"240","pimage":"","pimage_id":"","pthumb":""},{"label":"Avec Ancrage Permanents (8) (SANS installation)","value":"avec-8","price":"200","pimage":"","pimage_id":"","pthumb":""},{"label":"Avec Ancrage Permanents (8) (AVEC installation)","value":"avec-8-install","price":"320","pimage":"","pimage_id":"","pthumb":""}],"relations":[{"operator":false,"rules":[{"operator":"or","rules":{"cl_field":"attribute","cl_relation":"pa_longueur-simple","cl_val":"32-pieds"}},{"operator":"or","rules":{"cl_field":"attribute","cl_relation":"pa_longueur-simple","cl_val":"36-pieds"}},{"operator":false,"rules":{"cl_field":"attribute","cl_relation":"pa_longueur-simple","cl_val":"40-pieds"}}]}],"price":0,"form_id":8688,"form_rules":{"pric_cal_option_once":false,"exclude_from_discount":false,"pric_use_as_fee":false,"fee_label":"Frais","render_after_acb":false,"disp_hide_options_price":false}},{"type":"select","elementId":"wcpa-select-1693513273900","label":"Ancrage Permanents","enablePrice":true,"priceOptions":"different_for_all","pricingType":"fixed","name":"select-1693513273897","enableCl":true,"cl_rule":"show","cl_val":"86","col":6,"values":[{"label":"Sans Ancrage","value":"sans-ancrage","price":"","pimage":"","pimage_id":"","pthumb":""},{"label":"Avec Ancrage Permanents (8) (SANS installation)","value":"avec-ancrage","price":"200","pimage":"","pimage_id":"","pthumb":""},{"label":"Avec Ancrage Permanents (8) (AVEC installation)","value":"avec-ancrage-avec-install","price":"320","pimage":"","pimage_id":"","pthumb":""},{"label":"Avec Ancrage Permanents (8) (SANS installation)","value":"avec-10","price":"250","pimage":"","pimage_id":"","pthumb":""},{"label":"Avec Ancrage Permanents (8) (AVEC installation)","value":"avec-10-install","price":"400","pimage":"","pimage_id":"","pthumb":""}],"relations":[{"operator":false,"rules":[{"operator":false,"rules":{"cl_field":"attribute","cl_relation":"pa_longueur-simple","cl_val":"40-pieds"}}]}],"price":0,"form_id":8688,"form_rules":{"pric_cal_option_once":false,"exclude_from_discount":false,"pric_use_as_fee":false,"fee_label":"Frais","render_after_acb":false,"disp_hide_options_price":false}},{"type":"select","elementId":"wcpa-select-64b9c409b55a6","label":"Extension de 6 pouces (hauteur)","enablePrice":true,"priceOptions":"different_for_all","pricingType":"fixed","name":"select-64b9c409b55ae","enableCl":true,"cl_rule":"show","cl_val":"82","operator":"or","col":6,"values":[{"label":"Pas d'extension","value":"pas-extension","price":"","pimage":"","pimage_id":"","pthumb":""},{"label":"Avec extension ","value":"avec-extension-24","price":"100","pimage":"","pimage_id":"","pthumb":""}],"relations":[{"operator":false,"rules":[{"operator":"or","rules":{"cl_field":"attribute","cl_relation":"pa_longueur-simple","cl_val":"12-pieds"}},{"operator":"or","rules":{"cl_field":"attribute","cl_relation":"pa_longueur-simple","cl_val":"16-pieds"}},{"operator":"or","rules":{"cl_field":"attribute","cl_relation":"pa_longueur-simple","cl_val":"20-pieds"}},{"operator":false,"rules":{"cl_field":"attribute","cl_relation":"pa_longueur-simple","cl_val":"24-pieds"}}]}],"price":0,"form_id":8688,"form_rules":{"pric_cal_option_once":false,"exclude_from_discount":false,"pric_use_as_fee":false,"fee_label":"Frais","render_after_acb":false,"disp_hide_options_price":false}},{"type":"select","elementId":"wcpa-select-1690053782477","label":"Extension de 6 pouces (hauteur)","enablePrice":true,"priceOptions":"different_for_all","pricingType":"fixed","name":"select-1690053782473","enableCl":true,"cl_rule":"show","cl_val":"86","operator":"or","col":6,"values":[{"label":"Pas d'extension","value":"pas-extension","price":"","pimage":"","pimage_id":"","pthumb":"","selected":true},{"label":"Avec extension ","value":"avec-extension-24","price":"150","pimage":"","pimage_id":"","pthumb":""}],"relations":[{"operator":false,"rules":[{"operator":"or","rules":{"cl_field":"attribute","cl_relation":"pa_longueur-simple","cl_val":"28-pieds"}},{"operator":"or","rules":{"cl_field":"attribute","cl_relation":"pa_longueur-simple","cl_val":"32-pieds"}},{"operator":"or","rules":{"cl_field":"attribute","cl_relation":"pa_longueur-simple","cl_val":"36-pieds"}},{"operator":false,"rules":{"cl_field":"attribute","cl_relation":"pa_longueur-simple","cl_val":"40-pieds"}}]}],"price":0,"form_id":8688,"form_rules":{"pric_cal_option_once":false,"exclude_from_discount":false,"pric_use_as_fee":false,"fee_label":"Frais","render_after_acb":false,"disp_hide_options_price":false}},{"type":"select","elementId":"wcpa-select-1690053912480","label":"Toile de raccordement","description":"Il s'agit de la partie qui relie l'abri \u00e0 la maison (g\u00e9n\u00e9ralement utilis\u00e9 pour le relier le garage)","enablePrice":true,"priceOptions":"different_for_all","pricingType":"fixed","name":"select-1690053912480","cl_rule":"show","col":6,"values":[{"label":"Sans raccordement","value":"sans-raccordement-double","price":"","pimage":"","pimage_id":"","pthumb":""},{"label":"Avec raccordement","value":"avec-raccordement-double","price":"100","pimage":"","pimage_id":"","pthumb":""},{"label":"Avec raccordement","value":"avec-raccordement-double","price":"500","pimage":"","pimage_id":"","pthumb":""}],"relations":false,"price":0,"form_id":8688,"form_rules":{"pric_cal_option_once":false,"exclude_from_discount":false,"pric_use_as_fee":false,"fee_label":"Frais","render_after_acb":false,"disp_hide_options_price":false}}]},"yoast_head":"<!-- This site is optimized with the Yoast SEO plugin v26.1.1 - https:\/\/yoast.com\/wordpress\/plugins\/seo\/ -->\n<title>Rental - Double Carport - Abris Du Nord<\/title>\n<meta name=\"robots\" content=\"noindex, follow, max-snippet:-1, max-image-preview:large, max-video-preview:-1\" \/>\n<meta property=\"og:locale\" content=\"en_US\" \/>\n<meta property=\"og:type\" content=\"article\" \/>\n<meta property=\"og:title\" content=\"Rental - Double Carport - Abris Du Nord\" \/>\n<meta property=\"og:description\" content=\"With all rentals, installation, de-installation, metal rod anchors &amp; storage are included.  Clearance height: 6&#039;6&quot;  Overall height: 8&#039;.  Fabric: Woven polyethylene, 240 gr\/m2  UV protection E.V.S. Keeps the flexibility in cold weather in winter.  Color: White  Arch spacing: 4&#039;.  Arches: 18 GA galvanized steel 1 \u00bc&quot; round pipe  Windows on each side of the shelter  Doors at both ends of the shelter\" \/>\n<meta property=\"og:url\" content=\"https:\/\/old.abrisdunord.com\/en\/produit\/location-abris-dauto-double\/\" \/>\n<meta property=\"og:site_name\" content=\"Abris Du Nord\" \/>\n<meta property=\"article:publisher\" content=\"https:\/\/www.facebook.com\/abrisdunord\" \/>\n<meta property=\"og:image\" content=\"https:\/\/old.abrisdunord.com\/wp-content\/uploads\/2022\/07\/Abris-Du-Nord-Produits-Abris-Simple-20-24-20-28.jpg\" \/>\n\t<meta property=\"og:image:width\" content=\"1000\" \/>\n\t<meta property=\"og:image:height\" content=\"1000\" \/>\n\t<meta property=\"og:image:type\" content=\"image\/jpeg\" \/>\n<meta name=\"twitter:card\" content=\"summary_large_image\" \/>\n<script type=\"application\/ld+json\" class=\"yoast-schema-graph\">{\"@context\":\"https:\/\/schema.org\",\"@graph\":[{\"@type\":\"WebPage\",\"@id\":\"https:\/\/old.abrisdunord.com\/en\/produit\/location-abris-dauto-double\/\",\"url\":\"https:\/\/old.abrisdunord.com\/en\/produit\/location-abris-dauto-double\/\",\"name\":\"Rental - Double Carport - Abris Du Nord\",\"isPartOf\":{\"@id\":\"https:\/\/old.abrisdunord.com\/en\/#website\"},\"primaryImageOfPage\":{\"@id\":\"https:\/\/old.abrisdunord.com\/en\/produit\/location-abris-dauto-double\/#primaryimage\"},\"image\":{\"@id\":\"https:\/\/old.abrisdunord.com\/en\/produit\/location-abris-dauto-double\/#primaryimage\"},\"thumbnailUrl\":\"https:\/\/old.abrisdunord.com\/wp-content\/uploads\/2025\/08\/abris-du-nord-produits-abris-20x20-1.jpg\",\"datePublished\":\"2023-07-21T23:06:14+00:00\",\"breadcrumb\":{\"@id\":\"https:\/\/old.abrisdunord.com\/en\/produit\/location-abris-dauto-double\/#breadcrumb\"},\"inLanguage\":\"en-US\",\"potentialAction\":[{\"@type\":\"ReadAction\",\"target\":[\"https:\/\/old.abrisdunord.com\/en\/produit\/location-abris-dauto-double\/\"]}]},{\"@type\":\"ImageObject\",\"inLanguage\":\"en-US\",\"@id\":\"https:\/\/old.abrisdunord.com\/en\/produit\/location-abris-dauto-double\/#primaryimage\",\"url\":\"https:\/\/old.abrisdunord.com\/wp-content\/uploads\/2025\/08\/abris-du-nord-produits-abris-20x20-1.jpg\",\"contentUrl\":\"https:\/\/old.abrisdunord.com\/wp-content\/uploads\/2025\/08\/abris-du-nord-produits-abris-20x20-1.jpg\",\"width\":1200,\"height\":1200},{\"@type\":\"BreadcrumbList\",\"@id\":\"https:\/\/old.abrisdunord.com\/en\/produit\/location-abris-dauto-double\/#breadcrumb\",\"itemListElement\":[{\"@type\":\"ListItem\",\"position\":1,\"name\":\"Accueil\",\"item\":\"https:\/\/old.abrisdunord.com\/en\/\"},{\"@type\":\"ListItem\",\"position\":2,\"name\":\"Shop\",\"item\":\"https:\/\/old.abrisdunord.com\/en\/shop-2\/\"},{\"@type\":\"ListItem\",\"position\":3,\"name\":\"Rental &#8211; Double Carport\"}]},{\"@type\":\"WebSite\",\"@id\":\"https:\/\/old.abrisdunord.com\/en\/#website\",\"url\":\"https:\/\/old.abrisdunord.com\/en\/\",\"name\":\"Abris Du Nord\",\"description\":\"Location et vente d&#039;abris de tout genre\",\"publisher\":{\"@id\":\"https:\/\/old.abrisdunord.com\/en\/#organization\"},\"potentialAction\":[{\"@type\":\"SearchAction\",\"target\":{\"@type\":\"EntryPoint\",\"urlTemplate\":\"https:\/\/old.abrisdunord.com\/en\/?s={search_term_string}\"},\"query-input\":{\"@type\":\"PropertyValueSpecification\",\"valueRequired\":true,\"valueName\":\"search_term_string\"}}],\"inLanguage\":\"en-US\"},{\"@type\":\"Organization\",\"@id\":\"https:\/\/old.abrisdunord.com\/en\/#organization\",\"name\":\"Abris Du Nord\",\"url\":\"https:\/\/old.abrisdunord.com\/en\/\",\"logo\":{\"@type\":\"ImageObject\",\"inLanguage\":\"en-US\",\"@id\":\"https:\/\/old.abrisdunord.com\/en\/#\/schema\/logo\/image\/\",\"url\":\"https:\/\/old.abrisdunord.com\/wp-content\/uploads\/2022\/07\/Abris-du-nord-logo-web-noir-hd.png\",\"contentUrl\":\"https:\/\/old.abrisdunord.com\/wp-content\/uploads\/2022\/07\/Abris-du-nord-logo-web-noir-hd.png\",\"width\":375,\"height\":300,\"caption\":\"Abris Du Nord\"},\"image\":{\"@id\":\"https:\/\/old.abrisdunord.com\/en\/#\/schema\/logo\/image\/\"},\"sameAs\":[\"https:\/\/www.facebook.com\/abrisdunord\"]}]}<\/script>\n<!-- \/ Yoast SEO plugin. -->","yoast_head_json":{"title":"Rental - Double Carport - Abris Du Nord","robots":{"index":"noindex","follow":"follow","max-snippet":"max-snippet:-1","max-image-preview":"max-image-preview:large","max-video-preview":"max-video-preview:-1"},"og_locale":"en_US","og_type":"article","og_title":"Rental - Double Carport - Abris Du Nord","og_description":"With all rentals, installation, de-installation, metal rod anchors &amp; storage are included.  Clearance height: 6'6\"  Overall height: 8'.  Fabric: Woven polyethylene, 240 gr\/m2  UV protection E.V.S. Keeps the flexibility in cold weather in winter.  Color: White  Arch spacing: 4'.  Arches: 18 GA galvanized steel 1 \u00bc\" round pipe  Windows on each side of the shelter  Doors at both ends of the shelter","og_url":"https:\/\/old.abrisdunord.com\/en\/produit\/location-abris-dauto-double\/","og_site_name":"Abris Du Nord","article_publisher":"https:\/\/www.facebook.com\/abrisdunord","og_image":[{"width":1000,"height":1000,"url":"https:\/\/old.abrisdunord.com\/wp-content\/uploads\/2022\/07\/Abris-Du-Nord-Produits-Abris-Simple-20-24-20-28.jpg","type":"image\/jpeg"}],"twitter_card":"summary_large_image","schema":{"@context":"https:\/\/schema.org","@graph":[{"@type":"WebPage","@id":"https:\/\/old.abrisdunord.com\/en\/produit\/location-abris-dauto-double\/","url":"https:\/\/old.abrisdunord.com\/en\/produit\/location-abris-dauto-double\/","name":"Rental - Double Carport - Abris Du Nord","isPartOf":{"@id":"https:\/\/old.abrisdunord.com\/en\/#website"},"primaryImageOfPage":{"@id":"https:\/\/old.abrisdunord.com\/en\/produit\/location-abris-dauto-double\/#primaryimage"},"image":{"@id":"https:\/\/old.abrisdunord.com\/en\/produit\/location-abris-dauto-double\/#primaryimage"},"thumbnailUrl":"https:\/\/old.abrisdunord.com\/wp-content\/uploads\/2025\/08\/abris-du-nord-produits-abris-20x20-1.jpg","datePublished":"2023-07-21T23:06:14+00:00","breadcrumb":{"@id":"https:\/\/old.abrisdunord.com\/en\/produit\/location-abris-dauto-double\/#breadcrumb"},"inLanguage":"en-US","potentialAction":[{"@type":"ReadAction","target":["https:\/\/old.abrisdunord.com\/en\/produit\/location-abris-dauto-double\/"]}]},{"@type":"ImageObject","inLanguage":"en-US","@id":"https:\/\/old.abrisdunord.com\/en\/produit\/location-abris-dauto-double\/#primaryimage","url":"https:\/\/old.abrisdunord.com\/wp-content\/uploads\/2025\/08\/abris-du-nord-produits-abris-20x20-1.jpg","contentUrl":"https:\/\/old.abrisdunord.com\/wp-content\/uploads\/2025\/08\/abris-du-nord-produits-abris-20x20-1.jpg","width":1200,"height":1200},{"@type":"BreadcrumbList","@id":"https:\/\/old.abrisdunord.com\/en\/produit\/location-abris-dauto-double\/#breadcrumb","itemListElement":[{"@type":"ListItem","position":1,"name":"Accueil","item":"https:\/\/old.abrisdunord.com\/en\/"},{"@type":"ListItem","position":2,"name":"Shop","item":"https:\/\/old.abrisdunord.com\/en\/shop-2\/"},{"@type":"ListItem","position":3,"name":"Rental &#8211; Double Carport"}]},{"@type":"WebSite","@id":"https:\/\/old.abrisdunord.com\/en\/#website","url":"https:\/\/old.abrisdunord.com\/en\/","name":"Abris Du Nord","description":"Location et vente d&#039;abris de tout genre","publisher":{"@id":"https:\/\/old.abrisdunord.com\/en\/#organization"},"potentialAction":[{"@type":"SearchAction","target":{"@type":"EntryPoint","urlTemplate":"https:\/\/old.abrisdunord.com\/en\/?s={search_term_string}"},"query-input":{"@type":"PropertyValueSpecification","valueRequired":true,"valueName":"search_term_string"}}],"inLanguage":"en-US"},{"@type":"Organization","@id":"https:\/\/old.abrisdunord.com\/en\/#organization","name":"Abris Du Nord","url":"https:\/\/old.abrisdunord.com\/en\/","logo":{"@type":"ImageObject","inLanguage":"en-US","@id":"https:\/\/old.abrisdunord.com\/en\/#\/schema\/logo\/image\/","url":"https:\/\/old.abrisdunord.com\/wp-content\/uploads\/2022\/07\/Abris-du-nord-logo-web-noir-hd.png","contentUrl":"https:\/\/old.abrisdunord.com\/wp-content\/uploads\/2022\/07\/Abris-du-nord-logo-web-noir-hd.png","width":375,"height":300,"caption":"Abris Du Nord"},"image":{"@id":"https:\/\/old.abrisdunord.com\/en\/#\/schema\/logo\/image\/"},"sameAs":["https:\/\/www.facebook.com\/abrisdunord"]}]}},"_links":{"self":[{"href":"https:\/\/old.abrisdunord.com\/en\/wp-json\/wp\/v2\/product\/8618","targetHints":{"allow":["GET"]}}],"collection":[{"href":"https:\/\/old.abrisdunord.com\/en\/wp-json\/wp\/v2\/product"}],"about":[{"href":"https:\/\/old.abrisdunord.com\/en\/wp-json\/wp\/v2\/types\/product"}],"replies":[{"embeddable":true,"href":"https:\/\/old.abrisdunord.com\/en\/wp-json\/wp\/v2\/comments?post=8618"}],"wp:featuredmedia":[{"embeddable":true,"href":"https:\/\/old.abrisdunord.com\/en\/wp-json\/wp\/v2\/media\/11963"}],"wp:attachment":[{"href":"https:\/\/old.abrisdunord.com\/en\/wp-json\/wp\/v2\/media?parent=8618"}],"wp:term":[{"taxonomy":"product_brand","embeddable":true,"href":"https:\/\/old.abrisdunord.com\/en\/wp-json\/wp\/v2\/product_brand?post=8618"},{"taxonomy":"product_cat","embeddable":true,"href":"https:\/\/old.abrisdunord.com\/en\/wp-json\/wp\/v2\/product_cat?post=8618"},{"taxonomy":"product_tag","embeddable":true,"href":"https:\/\/old.abrisdunord.com\/en\/wp-json\/wp\/v2\/product_tag?post=8618"}],"curies":[{"name":"wp","href":"https:\/\/api.w.org\/{rel}","templated":true}]}}