{"id":123,"date":"2022-07-22T03:23:05","date_gmt":"2022-07-22T03:23:05","guid":{"rendered":"https:\/\/abris.lescommunicateurs.ca\/?product=monopente-shelter-rental"},"modified":"2024-03-04T01:48:57","modified_gmt":"2024-03-04T06:48:57","slug":"rental-dabris-monopente","status":"publish","type":"product","link":"https:\/\/old.abrisdunord.com\/en\/produit\/rental-dabris-monopente\/","title":{"rendered":"Monopente shelter rental"},"content":{"rendered":"<p>With all rentals, installation, de-installation, metal rod anchors &amp; storage are included.<\/p>\n<ul>\n<li>Width : 11 feet<\/li>\n<li>Length : 20 feet<\/li>\n<li>Clearance height: 6&#8217;6&#8243;<\/li>\n<li>Overall height: 8&#8242;.<\/li>\n<li>Fabric: Woven polyethylene, 240 gr\/m2<\/li>\n<li>UV protection E.V.S. Keeps the flexibility in cold weather in winter.<\/li>\n<li>Color: White<\/li>\n<li>Arch spacing: 4&#8242;.<\/li>\n<li>Arches: 18 GA galvanized steel 1 \u00bc&#8221; round pipe<\/li>\n<li>Windows on each side of the shelter<\/li>\n<li>Doors at both ends of the shelter<\/li>\n<\/ul>\n","protected":false},"excerpt":{"rendered":"<p>With all rentals, installation, de-installation, metal rod anchors &amp; storage are included.<\/p>\n<ul>\n<li>Width : 11 feet<\/li>\n<li>Length : 20 feet<\/li>\n<li>Clearance height: 6&#8217;6&#8243;<\/li>\n<li>Overall height: 8&#8242;.<\/li>\n<li>Fabric: Woven polyethylene, 240 gr\/m2<\/li>\n<li>UV protection E.V.S. Keeps the flexibility in cold weather in winter.<\/li>\n<li>Color: White<\/li>\n<li>Arch spacing: 4&#8242;.<\/li>\n<li>Arches: 18 GA galvanized steel 1 \u00bc&#8221; round pipe<\/li>\n<li>Windows on each side of the shelter<\/li>\n<li>Doors at both ends of the shelter<\/li>\n<\/ul>\n","protected":false},"featured_media":11993,"comment_status":"open","ping_status":"closed","template":"","meta":[],"product_brand":[],"product_cat":[159,166],"product_tag":[],"class_list":{"0":"post-123","1":"product","2":"type-product","3":"status-publish","4":"has-post-thumbnail","6":"product_cat-car-shelter-rental","7":"product_cat-single-panted","8":"wcpa_has_options","10":"first","11":"instock","12":"taxable","13":"shipping-taxable","14":"purchasable","15":"product-type-variable"},"wcpa_form_fields":{"rules":{"pric_overide_base_price":false,"pric_overide_base_price_if_gt_zero":false,"pric_overide_base_price_fully":false,"pric_cal_option_once":false,"pric_use_as_fee":false,"bind_quantity":false,"quantity_bind_formula":false},"fields":[{"type":"select","elementId":"wcpa-select-64bc3875bbf97","label":"Porte de c\u00f4t\u00e9","enablePrice":true,"priceOptions":"different_for_all","pricingType":"fixed","name":"select-64bc3875bbfa2","cl_rule":"show","col":6,"values":[{"label":"Sans Porte","value":"sans-porte","price":"","pimage":"","pimage_id":"","pthumb":"","selected":true},{"label":"Avec Porte","value":"avec-porte","price":"150","pimage":"","pimage_id":"","pthumb":""}],"relations":false,"price":0,"form_id":12130,"form_rules":{"pric_cal_option_once":false,"exclude_from_discount":false,"pric_use_as_fee":false,"fee_label":"Frais","render_after_acb":false,"disp_hide_options_price":false}},{"type":"select","elementId":"wcpa-select-1691436770876","label":"Ancrage Permanents","enablePrice":true,"priceOptions":"different_for_all","pricingType":"fixed","name":"select-1691436770876","enableCl":true,"cl_rule":"show","cl_val":"200","operator":"or","col":6,"values":[{"label":"Sans Ancrages Permanents","value":"sans-ancrage","price":"0","pimage":"","pimage_id":"","pthumb":""},{"label":"Avec Ancrages Permanents (4) (SANS installation)","value":"avec-ancrages","price":"100","pimage":"","pimage_id":"","pthumb":""},{"label":"Ancrages Permanents (4) (AVEC installation)","value":"avec-ancrage-avec-install","price":"160","pimage":"","pimage_id":"","pthumb":""}],"relations":[{"operator":false,"rules":[{"operator":"or","rules":{"cl_field":"attribute","cl_relation":"pa_longueur-monopente","cl_val":""}},{"operator":false,"rules":{"cl_field":"attribute","cl_relation":"pa_longueur-monopente","cl_val":""}}]}],"price":0,"form_id":12130,"form_rules":{"pric_cal_option_once":false,"exclude_from_discount":false,"pric_use_as_fee":false,"fee_label":"Frais","render_after_acb":false,"disp_hide_options_price":false}},{"type":"select","elementId":"wcpa-select-1691436890660","label":"Ancrage Permanents","enablePrice":true,"priceOptions":"different_for_all","pricingType":"fixed","name":"select-1691436890655","enableCl":true,"cl_rule":"show","cl_val":"202","operator":"or","col":6,"values":[{"label":"Sans Ancrages Permanents","value":"sans-ancrage","price":"","pimage":"","pimage_id":"","pthumb":"","selected":true},{"label":"Avec Ancrages Permanents (4) (SANS installation)","value":"avec-4","price":"100","pimage":"","pimage_id":"","pthumb":""},{"label":"Ancrages Permanents (4) (AVEC installation)","value":"avec-4-install","price":"160","pimage":"","pimage_id":"","pthumb":""},{"label":"Avec Ancrages Permanents (6) (SANS installation)","value":"avec-ancrages","price":"150","pimage":"","pimage_id":"","pthumb":""},{"label":"Ancrages Permanents (6) (AVEC installation)","value":"avec-ancrage-avec-install","price":"240","pimage":"","pimage_id":"","pthumb":""}],"relations":[{"operator":false,"rules":[{"operator":"or","rules":{"cl_field":"attribute","cl_relation":"pa_longueur-monopente","cl_val":""}},{"operator":false,"rules":{"cl_field":"attribute","cl_relation":"pa_longueur-monopente","cl_val":""}}]}],"price":0,"form_id":12130,"form_rules":{"pric_cal_option_once":false,"exclude_from_discount":false,"pric_use_as_fee":false,"fee_label":"Frais","render_after_acb":false,"disp_hide_options_price":false}},{"type":"select","elementId":"wcpa-select-1691436942367","label":"Ancrage Permanents","enablePrice":true,"priceOptions":"different_for_all","pricingType":"fixed","name":"select-1691436942364","enableCl":true,"cl_rule":"show","cl_val":"203","operator":"or","col":6,"values":[{"label":"Sans Ancrages Permanents","value":"sans-ancrage","price":"","pimage":"","pimage_id":"","pthumb":""},{"label":"Avec Ancrages Permanents (6) (SANS installation)","value":"avec-ancrages","price":"150","pimage":"","pimage_id":"","pthumb":""},{"label":"Ancrages Permanents (6) (AVEC installation)","value":"avec-ancrage-avec-install","price":"240","pimage":"","pimage_id":"","pthumb":""},{"label":"Avec Ancrages Permanents (8) (SANS installation)","value":"ancrage--8-","price":"200","pimage":"","pimage_id":"","pthumb":"","selected":true},{"label":"Ancrages Permanents (8) (AVEC installation)","value":"ancrage-8-install","price":"320","pimage":"","pimage_id":"","pthumb":""}],"relations":[{"operator":false,"rules":[{"operator":"or","rules":{"cl_field":"attribute","cl_relation":"pa_longueur-monopente","cl_val":""}},{"operator":false,"rules":{"cl_field":"attribute","cl_relation":"pa_longueur-monopente","cl_val":"32-pieds"}}]}],"price":0,"form_id":12130,"form_rules":{"pric_cal_option_once":false,"exclude_from_discount":false,"pric_use_as_fee":false,"fee_label":"Frais","render_after_acb":false,"disp_hide_options_price":false}},{"type":"select","elementId":"wcpa-select-1693513636563","label":"Ancrage Permanents","enablePrice":true,"priceOptions":"different_for_all","pricingType":"fixed","name":"select-1693513636558","enableCl":true,"cl_rule":"show","cl_val":"205","operator":"or","col":6,"values":[{"label":"Sans Ancrages Permanents","value":"sans-ancrage","price":"0","pimage":"","pimage_id":"","pthumb":""},{"label":"Avec Ancrages Permanents (8) (SANS installation)","value":"ancrage--8-","price":"200","pimage":"","pimage_id":"","pthumb":""},{"label":"Ancrages Permanents (8) (AVEC installation)","value":"ancrage-8-install","price":"320","pimage":"","pimage_id":"","pthumb":""},{"label":"Avec Ancrages Permanents (10) (SANS installation)","value":"avec-ancrages-10","price":"250","pimage":"","pimage_id":"","pthumb":""},{"label":"Ancrages Permanents (10) (AVEC installation)","value":"avec-ancrage-avec-install-10","price":"400","pimage":"","pimage_id":"","pthumb":""}],"relations":[{"operator":false,"rules":[{"operator":"or","rules":{"cl_field":"attribute","cl_relation":"pa_longueur-monopente","cl_val":""}},{"operator":false,"rules":{"cl_field":"attribute","cl_relation":"pa_longueur-monopente","cl_val":"40-pieds"}}]}],"price":0,"form_id":12130,"form_rules":{"pric_cal_option_once":false,"exclude_from_discount":false,"pric_use_as_fee":false,"fee_label":"Frais","render_after_acb":false,"disp_hide_options_price":false}},{"type":"select","elementId":"wcpa-select-64bc3875bbfac","label":"Extension de 6 pouces (hauteur)","enablePrice":true,"priceOptions":"different_for_all","pricingType":"fixed","name":"select-64bc3875bbfb5","enableCl":true,"cl_rule":"show","cl_val":"205","operator":"or","col":6,"values":[{"label":"Pas d'extension","value":"pas-extension","price":"","pimage":"","pimage_id":"","pthumb":""},{"label":"Avec extension (24 pieds de longueur ou moin)","value":"avec-extension-24","price":"50","pimage":"","pimage_id":"","pthumb":""}],"relations":[{"operator":false,"rules":[{"operator":"or","rules":{"cl_field":"attribute","cl_relation":"pa_longueur-monopente","cl_val":""}},{"operator":"or","rules":{"cl_field":"attribute","cl_relation":"pa_longueur-monopente","cl_val":""}},{"operator":"or","rules":{"cl_field":"attribute","cl_relation":"pa_longueur-monopente","cl_val":""}},{"operator":"or","rules":{"cl_field":"attribute","cl_relation":"pa_longueur-monopente","cl_val":""}},{"operator":"or","rules":{"cl_field":"attribute","cl_relation":"pa_longueur-monopente","cl_val":"32-pieds"}},{"operator":"or","rules":{"cl_field":"attribute","cl_relation":"pa_longueur-monopente","cl_val":"36-pieds"}},{"operator":false,"rules":{"cl_field":"attribute","cl_relation":"pa_longueur-monopente","cl_val":"40-pieds"}}]}],"price":0,"form_id":12130,"form_rules":{"pric_cal_option_once":false,"exclude_from_discount":false,"pric_use_as_fee":false,"fee_label":"Frais","render_after_acb":false,"disp_hide_options_price":false}},{"type":"select","elementId":"wcpa-select-64bc3875bbfbe","label":"Toile de raccordement","description":"Il s'agit de la partie qui relie l'abri \u00e0 la maison (g\u00e9n\u00e9ralement au garage)","enablePrice":true,"priceOptions":"different_for_all","pricingType":"fixed","name":"select-64bc3875bbfc6","cl_rule":"show","col":6,"values":[{"label":"Sans raccordement","value":"avec-raccordement","price":"","pimage":"","pimage_id":"","pthumb":"","selected":true},{"label":"Installation d'une toile existante (Installation Seulement)","value":"install-mono","price":"75","pimage":"","pimage_id":"","pthumb":""},{"label":"Avec Raccordement","value":"sans-raccordement","price":"400","pimage":"","pimage_id":"","pthumb":""}],"relations":false,"price":0,"form_id":12130,"form_rules":{"pric_cal_option_once":false,"exclude_from_discount":false,"pric_use_as_fee":false,"fee_label":"Frais","render_after_acb":false,"disp_hide_options_price":false}}]},"yoast_head":"<!-- This site is optimized with the Yoast SEO plugin v26.1.1 - https:\/\/yoast.com\/wordpress\/plugins\/seo\/ -->\n<title>Monopente shelter rental - Abris Du Nord<\/title>\n<meta name=\"robots\" content=\"noindex, follow, max-snippet:-1, max-image-preview:large, max-video-preview:-1\" \/>\n<meta property=\"og:locale\" content=\"en_US\" \/>\n<meta property=\"og:type\" content=\"article\" \/>\n<meta property=\"og:title\" content=\"Monopente shelter rental - Abris Du Nord\" \/>\n<meta property=\"og:description\" content=\"With all rentals, installation, de-installation, metal rod anchors &amp; storage are included.  Width : 11 feet  Length : 20 feet  Clearance height: 6&#039;6&quot;  Overall height: 8&#039;.  Fabric: Woven polyethylene, 240 gr\/m2  UV protection E.V.S. Keeps the flexibility in cold weather in winter.  Color: White  Arch spacing: 4&#039;.  Arches: 18 GA galvanized steel 1 \u00bc&quot; round pipe  Windows on each side of the shelter  Doors at both ends of the shelter\" \/>\n<meta property=\"og:url\" content=\"https:\/\/old.abrisdunord.com\/en\/produit\/rental-dabris-monopente\/\" \/>\n<meta property=\"og:site_name\" content=\"Abris Du Nord\" \/>\n<meta property=\"article:publisher\" content=\"https:\/\/www.facebook.com\/abrisdunord\" \/>\n<meta property=\"article:modified_time\" content=\"2024-03-04T06:48:57+00:00\" \/>\n<meta property=\"og:image\" content=\"https:\/\/old.abrisdunord.com\/wp-content\/uploads\/2022\/07\/Abris-Du-Nord-Produits-Abris-Monopante-11x20-1.jpg\" \/>\n\t<meta property=\"og:image:width\" content=\"1000\" \/>\n\t<meta property=\"og:image:height\" content=\"1000\" \/>\n\t<meta property=\"og:image:type\" content=\"image\/jpeg\" \/>\n<meta name=\"twitter:card\" content=\"summary_large_image\" \/>\n<script type=\"application\/ld+json\" class=\"yoast-schema-graph\">{\"@context\":\"https:\/\/schema.org\",\"@graph\":[{\"@type\":\"WebPage\",\"@id\":\"https:\/\/old.abrisdunord.com\/en\/produit\/rental-dabris-monopente\/\",\"url\":\"https:\/\/old.abrisdunord.com\/en\/produit\/rental-dabris-monopente\/\",\"name\":\"Monopente shelter rental - Abris Du Nord\",\"isPartOf\":{\"@id\":\"https:\/\/old.abrisdunord.com\/en\/#website\"},\"primaryImageOfPage\":{\"@id\":\"https:\/\/old.abrisdunord.com\/en\/produit\/rental-dabris-monopente\/#primaryimage\"},\"image\":{\"@id\":\"https:\/\/old.abrisdunord.com\/en\/produit\/rental-dabris-monopente\/#primaryimage\"},\"thumbnailUrl\":\"https:\/\/old.abrisdunord.com\/wp-content\/uploads\/2025\/08\/abris-du-nord-produits-monopente-11x16-1.jpg\",\"datePublished\":\"2022-07-22T03:23:05+00:00\",\"dateModified\":\"2024-03-04T06:48:57+00:00\",\"breadcrumb\":{\"@id\":\"https:\/\/old.abrisdunord.com\/en\/produit\/rental-dabris-monopente\/#breadcrumb\"},\"inLanguage\":\"en-US\",\"potentialAction\":[{\"@type\":\"ReadAction\",\"target\":[\"https:\/\/old.abrisdunord.com\/en\/produit\/rental-dabris-monopente\/\"]}]},{\"@type\":\"ImageObject\",\"inLanguage\":\"en-US\",\"@id\":\"https:\/\/old.abrisdunord.com\/en\/produit\/rental-dabris-monopente\/#primaryimage\",\"url\":\"https:\/\/old.abrisdunord.com\/wp-content\/uploads\/2025\/08\/abris-du-nord-produits-monopente-11x16-1.jpg\",\"contentUrl\":\"https:\/\/old.abrisdunord.com\/wp-content\/uploads\/2025\/08\/abris-du-nord-produits-monopente-11x16-1.jpg\",\"width\":1200,\"height\":1200},{\"@type\":\"BreadcrumbList\",\"@id\":\"https:\/\/old.abrisdunord.com\/en\/produit\/rental-dabris-monopente\/#breadcrumb\",\"itemListElement\":[{\"@type\":\"ListItem\",\"position\":1,\"name\":\"Accueil\",\"item\":\"https:\/\/old.abrisdunord.com\/en\/\"},{\"@type\":\"ListItem\",\"position\":2,\"name\":\"Shop\",\"item\":\"https:\/\/old.abrisdunord.com\/en\/shop-2\/\"},{\"@type\":\"ListItem\",\"position\":3,\"name\":\"Monopente shelter rental\"}]},{\"@type\":\"WebSite\",\"@id\":\"https:\/\/old.abrisdunord.com\/en\/#website\",\"url\":\"https:\/\/old.abrisdunord.com\/en\/\",\"name\":\"Abris Du Nord\",\"description\":\"Location et vente d&#039;abris de tout genre\",\"publisher\":{\"@id\":\"https:\/\/old.abrisdunord.com\/en\/#organization\"},\"potentialAction\":[{\"@type\":\"SearchAction\",\"target\":{\"@type\":\"EntryPoint\",\"urlTemplate\":\"https:\/\/old.abrisdunord.com\/en\/?s={search_term_string}\"},\"query-input\":{\"@type\":\"PropertyValueSpecification\",\"valueRequired\":true,\"valueName\":\"search_term_string\"}}],\"inLanguage\":\"en-US\"},{\"@type\":\"Organization\",\"@id\":\"https:\/\/old.abrisdunord.com\/en\/#organization\",\"name\":\"Abris Du Nord\",\"url\":\"https:\/\/old.abrisdunord.com\/en\/\",\"logo\":{\"@type\":\"ImageObject\",\"inLanguage\":\"en-US\",\"@id\":\"https:\/\/old.abrisdunord.com\/en\/#\/schema\/logo\/image\/\",\"url\":\"https:\/\/old.abrisdunord.com\/wp-content\/uploads\/2022\/07\/Abris-du-nord-logo-web-noir-hd.png\",\"contentUrl\":\"https:\/\/old.abrisdunord.com\/wp-content\/uploads\/2022\/07\/Abris-du-nord-logo-web-noir-hd.png\",\"width\":375,\"height\":300,\"caption\":\"Abris Du Nord\"},\"image\":{\"@id\":\"https:\/\/old.abrisdunord.com\/en\/#\/schema\/logo\/image\/\"},\"sameAs\":[\"https:\/\/www.facebook.com\/abrisdunord\"]}]}<\/script>\n<!-- \/ Yoast SEO plugin. -->","yoast_head_json":{"title":"Monopente shelter rental - Abris Du Nord","robots":{"index":"noindex","follow":"follow","max-snippet":"max-snippet:-1","max-image-preview":"max-image-preview:large","max-video-preview":"max-video-preview:-1"},"og_locale":"en_US","og_type":"article","og_title":"Monopente shelter rental - Abris Du Nord","og_description":"With all rentals, installation, de-installation, metal rod anchors &amp; storage are included.  Width : 11 feet  Length : 20 feet  Clearance height: 6'6\"  Overall height: 8'.  Fabric: Woven polyethylene, 240 gr\/m2  UV protection E.V.S. Keeps the flexibility in cold weather in winter.  Color: White  Arch spacing: 4'.  Arches: 18 GA galvanized steel 1 \u00bc\" round pipe  Windows on each side of the shelter  Doors at both ends of the shelter","og_url":"https:\/\/old.abrisdunord.com\/en\/produit\/rental-dabris-monopente\/","og_site_name":"Abris Du Nord","article_publisher":"https:\/\/www.facebook.com\/abrisdunord","article_modified_time":"2024-03-04T06:48:57+00:00","og_image":[{"width":1000,"height":1000,"url":"https:\/\/old.abrisdunord.com\/wp-content\/uploads\/2022\/07\/Abris-Du-Nord-Produits-Abris-Monopante-11x20-1.jpg","type":"image\/jpeg"}],"twitter_card":"summary_large_image","schema":{"@context":"https:\/\/schema.org","@graph":[{"@type":"WebPage","@id":"https:\/\/old.abrisdunord.com\/en\/produit\/rental-dabris-monopente\/","url":"https:\/\/old.abrisdunord.com\/en\/produit\/rental-dabris-monopente\/","name":"Monopente shelter rental - Abris Du Nord","isPartOf":{"@id":"https:\/\/old.abrisdunord.com\/en\/#website"},"primaryImageOfPage":{"@id":"https:\/\/old.abrisdunord.com\/en\/produit\/rental-dabris-monopente\/#primaryimage"},"image":{"@id":"https:\/\/old.abrisdunord.com\/en\/produit\/rental-dabris-monopente\/#primaryimage"},"thumbnailUrl":"https:\/\/old.abrisdunord.com\/wp-content\/uploads\/2025\/08\/abris-du-nord-produits-monopente-11x16-1.jpg","datePublished":"2022-07-22T03:23:05+00:00","dateModified":"2024-03-04T06:48:57+00:00","breadcrumb":{"@id":"https:\/\/old.abrisdunord.com\/en\/produit\/rental-dabris-monopente\/#breadcrumb"},"inLanguage":"en-US","potentialAction":[{"@type":"ReadAction","target":["https:\/\/old.abrisdunord.com\/en\/produit\/rental-dabris-monopente\/"]}]},{"@type":"ImageObject","inLanguage":"en-US","@id":"https:\/\/old.abrisdunord.com\/en\/produit\/rental-dabris-monopente\/#primaryimage","url":"https:\/\/old.abrisdunord.com\/wp-content\/uploads\/2025\/08\/abris-du-nord-produits-monopente-11x16-1.jpg","contentUrl":"https:\/\/old.abrisdunord.com\/wp-content\/uploads\/2025\/08\/abris-du-nord-produits-monopente-11x16-1.jpg","width":1200,"height":1200},{"@type":"BreadcrumbList","@id":"https:\/\/old.abrisdunord.com\/en\/produit\/rental-dabris-monopente\/#breadcrumb","itemListElement":[{"@type":"ListItem","position":1,"name":"Accueil","item":"https:\/\/old.abrisdunord.com\/en\/"},{"@type":"ListItem","position":2,"name":"Shop","item":"https:\/\/old.abrisdunord.com\/en\/shop-2\/"},{"@type":"ListItem","position":3,"name":"Monopente shelter rental"}]},{"@type":"WebSite","@id":"https:\/\/old.abrisdunord.com\/en\/#website","url":"https:\/\/old.abrisdunord.com\/en\/","name":"Abris Du Nord","description":"Location et vente d&#039;abris de tout genre","publisher":{"@id":"https:\/\/old.abrisdunord.com\/en\/#organization"},"potentialAction":[{"@type":"SearchAction","target":{"@type":"EntryPoint","urlTemplate":"https:\/\/old.abrisdunord.com\/en\/?s={search_term_string}"},"query-input":{"@type":"PropertyValueSpecification","valueRequired":true,"valueName":"search_term_string"}}],"inLanguage":"en-US"},{"@type":"Organization","@id":"https:\/\/old.abrisdunord.com\/en\/#organization","name":"Abris Du Nord","url":"https:\/\/old.abrisdunord.com\/en\/","logo":{"@type":"ImageObject","inLanguage":"en-US","@id":"https:\/\/old.abrisdunord.com\/en\/#\/schema\/logo\/image\/","url":"https:\/\/old.abrisdunord.com\/wp-content\/uploads\/2022\/07\/Abris-du-nord-logo-web-noir-hd.png","contentUrl":"https:\/\/old.abrisdunord.com\/wp-content\/uploads\/2022\/07\/Abris-du-nord-logo-web-noir-hd.png","width":375,"height":300,"caption":"Abris Du Nord"},"image":{"@id":"https:\/\/old.abrisdunord.com\/en\/#\/schema\/logo\/image\/"},"sameAs":["https:\/\/www.facebook.com\/abrisdunord"]}]}},"_links":{"self":[{"href":"https:\/\/old.abrisdunord.com\/en\/wp-json\/wp\/v2\/product\/123","targetHints":{"allow":["GET"]}}],"collection":[{"href":"https:\/\/old.abrisdunord.com\/en\/wp-json\/wp\/v2\/product"}],"about":[{"href":"https:\/\/old.abrisdunord.com\/en\/wp-json\/wp\/v2\/types\/product"}],"replies":[{"embeddable":true,"href":"https:\/\/old.abrisdunord.com\/en\/wp-json\/wp\/v2\/comments?post=123"}],"wp:featuredmedia":[{"embeddable":true,"href":"https:\/\/old.abrisdunord.com\/en\/wp-json\/wp\/v2\/media\/11993"}],"wp:attachment":[{"href":"https:\/\/old.abrisdunord.com\/en\/wp-json\/wp\/v2\/media?parent=123"}],"wp:term":[{"taxonomy":"product_brand","embeddable":true,"href":"https:\/\/old.abrisdunord.com\/en\/wp-json\/wp\/v2\/product_brand?post=123"},{"taxonomy":"product_cat","embeddable":true,"href":"https:\/\/old.abrisdunord.com\/en\/wp-json\/wp\/v2\/product_cat?post=123"},{"taxonomy":"product_tag","embeddable":true,"href":"https:\/\/old.abrisdunord.com\/en\/wp-json\/wp\/v2\/product_tag?post=123"}],"curies":[{"name":"wp","href":"https:\/\/api.w.org\/{rel}","templated":true}]}}