{"id":11509,"date":"2025-03-10T15:44:44","date_gmt":"2025-03-10T19:44:44","guid":{"rendered":"https:\/\/abrisdunord.com\/?post_type=product&#038;p=11509"},"modified":"2026-01-27T15:21:08","modified_gmt":"2026-01-27T20:21:08","slug":"solarium-myrdal-11x10-avec-toit-en-polycarbonate","status":"publish","type":"product","link":"https:\/\/old.abrisdunord.com\/en\/produit\/solarium-myrdal-11x10-avec-toit-en-polycarbonate\/","title":{"rendered":"Solarium Myrdal 11&#215;10 Avec Toit en Polycarbonate"},"content":{"rendered":"","protected":false},"excerpt":{"rendered":"<p>Cr\u00e9ez un petit coin de paradis avec nos solariums Myrdal ! Transformez votre cour arri\u00e8re gr\u00e2ce \u00e0 cette nouvelle collection de solariums au toit unique. Cette collection exceptionnelle offre des options pour tous avec sa diversit\u00e9, son \u00e9l\u00e9gance intemporelle et ses diff\u00e9rentes tailles disponibles.<\/p>\n<p>Que vous souhaitiez vous d\u00e9tendre et lire un livre au cr\u00e9puscule, fen\u00eatres ouvertes, vous asseoir paisiblement, portes moustiquaires ferm\u00e9es, pour admirer un orage d&#8217;\u00e9t\u00e9, ou encore contempler un magnifique coucher de soleil, avec la lumi\u00e8re traversant le toit en polycarbonate et faisant danser les rayons du soleil sur les fen\u00eatres en PVC, tout est possible.<br \/>\nPeut-\u00eatre est-il temps de donner vie \u00e0 votre tableau d\u2019inspiration botanique Pinterest et de cr\u00e9er votre propre oasis, gr\u00e2ce aux crochets de plafond pratiques et \u00e0 la hauteur optimale con\u00e7ue pour concr\u00e9tiser votre vision !<\/p>\n<p>Confort, style, fonctionnalit\u00e9 et possibilit\u00e9s infinies vous attendent avec la collection de solariums Myrdal.<\/p>\n<p>\u2022 Structure en aluminium robuste thermolaqu\u00e9e, prot\u00e9geant de la corrosion et de la rouille<br \/>\n\u2022 Toit renforc\u00e9 en polycarbonate de 6 mm avec protection UV int\u00e9gr\u00e9e<br \/>\n\u2022 Fen\u00eatres en PVC coulissantes sur cinq positions pour une a\u00e9ration maximale<br \/>\n\u2022 Porte coulissante simple<\/p>\n","protected":false},"featured_media":11636,"comment_status":"open","ping_status":"closed","template":"","meta":[],"product_brand":[],"product_cat":[15],"product_tag":[],"class_list":{"0":"post-11509","1":"product","2":"type-product","3":"status-publish","4":"has-post-thumbnail","6":"product_cat-abris-auto","8":"first","9":"instock","10":"sale","11":"taxable","12":"shipping-taxable","13":"purchasable","14":"product-type-simple"},"wcpa_form_fields":null,"yoast_head":"<!-- This site is optimized with the Yoast SEO plugin v26.1.1 - https:\/\/yoast.com\/wordpress\/plugins\/seo\/ -->\n<title>Solarium Myrdal 11x10 Avec Toit en Polycarbonate - Abris Du Nord<\/title>\n<meta name=\"robots\" content=\"noindex, follow, max-snippet:-1, max-image-preview:large, max-video-preview:-1\" \/>\n<meta property=\"og:locale\" content=\"en_US\" \/>\n<meta property=\"og:type\" content=\"article\" \/>\n<meta property=\"og:title\" content=\"Solarium Myrdal 11x10 Avec Toit en Polycarbonate - Abris Du Nord\" \/>\n<meta property=\"og:description\" content=\"Cr\u00e9ez un petit coin de paradis avec nos solariums Myrdal ! Transformez votre cour arri\u00e8re gr\u00e2ce \u00e0 cette nouvelle collection de solariums au toit unique. Cette collection exceptionnelle offre des options pour tous avec sa diversit\u00e9, son \u00e9l\u00e9gance intemporelle et ses diff\u00e9rentes tailles disponibles.  Que vous souhaitiez vous d\u00e9tendre et lire un livre au cr\u00e9puscule, fen\u00eatres ouvertes, vous asseoir paisiblement, portes moustiquaires ferm\u00e9es, pour admirer un orage d&#039;\u00e9t\u00e9, ou encore contempler un magnifique coucher de soleil, avec la lumi\u00e8re traversant le toit en polycarbonate et faisant danser les rayons du soleil sur les fen\u00eatres en PVC, tout est possible. Peut-\u00eatre est-il temps de donner vie \u00e0 votre tableau d\u2019inspiration botanique Pinterest et de cr\u00e9er votre propre oasis, gr\u00e2ce aux crochets de plafond pratiques et \u00e0 la hauteur optimale con\u00e7ue pour concr\u00e9tiser votre vision !  Confort, style, fonctionnalit\u00e9 et possibilit\u00e9s infinies vous attendent avec la collection de solariums Myrdal.  \u2022 Structure en aluminium robuste thermolaqu\u00e9e, prot\u00e9geant de la corrosion et de la rouille \u2022 Toit renforc\u00e9 en polycarbonate de 6 mm avec protection UV int\u00e9gr\u00e9e \u2022 Fen\u00eatres en PVC coulissantes sur cinq positions pour une a\u00e9ration maximale \u2022 Porte coulissante simple\" \/>\n<meta property=\"og:url\" content=\"https:\/\/old.abrisdunord.com\/en\/produit\/solarium-myrdal-11x10-avec-toit-en-polycarbonate\/\" \/>\n<meta property=\"og:site_name\" content=\"Abris Du Nord\" \/>\n<meta property=\"article:publisher\" content=\"https:\/\/www.facebook.com\/abrisdunord\" \/>\n<meta property=\"article:modified_time\" content=\"2026-01-27T20:21:08+00:00\" \/>\n<meta property=\"og:image\" content=\"https:\/\/old.abrisdunord.com\/wp-content\/uploads\/2025\/03\/81110-14_02.jpg\" \/>\n\t<meta property=\"og:image:width\" content=\"2000\" \/>\n\t<meta property=\"og:image:height\" content=\"1500\" \/>\n\t<meta property=\"og:image:type\" content=\"image\/jpeg\" \/>\n<meta name=\"twitter:card\" content=\"summary_large_image\" \/>\n<meta name=\"twitter:label1\" content=\"Est. reading time\" \/>\n\t<meta name=\"twitter:data1\" content=\"1 minute\" \/>\n<script type=\"application\/ld+json\" class=\"yoast-schema-graph\">{\"@context\":\"https:\/\/schema.org\",\"@graph\":[{\"@type\":\"WebPage\",\"@id\":\"https:\/\/old.abrisdunord.com\/en\/produit\/solarium-myrdal-11x10-avec-toit-en-polycarbonate\/\",\"url\":\"https:\/\/old.abrisdunord.com\/en\/produit\/solarium-myrdal-11x10-avec-toit-en-polycarbonate\/\",\"name\":\"Solarium Myrdal 11x10 Avec Toit en Polycarbonate - Abris Du Nord\",\"isPartOf\":{\"@id\":\"https:\/\/old.abrisdunord.com\/en\/#website\"},\"primaryImageOfPage\":{\"@id\":\"https:\/\/old.abrisdunord.com\/en\/produit\/solarium-myrdal-11x10-avec-toit-en-polycarbonate\/#primaryimage\"},\"image\":{\"@id\":\"https:\/\/old.abrisdunord.com\/en\/produit\/solarium-myrdal-11x10-avec-toit-en-polycarbonate\/#primaryimage\"},\"thumbnailUrl\":\"https:\/\/old.abrisdunord.com\/wp-content\/uploads\/2025\/03\/81110-14_02.jpg\",\"datePublished\":\"2025-03-10T19:44:44+00:00\",\"dateModified\":\"2026-01-27T20:21:08+00:00\",\"breadcrumb\":{\"@id\":\"https:\/\/old.abrisdunord.com\/en\/produit\/solarium-myrdal-11x10-avec-toit-en-polycarbonate\/#breadcrumb\"},\"inLanguage\":\"en-US\",\"potentialAction\":[{\"@type\":\"ReadAction\",\"target\":[\"https:\/\/old.abrisdunord.com\/en\/produit\/solarium-myrdal-11x10-avec-toit-en-polycarbonate\/\"]}]},{\"@type\":\"ImageObject\",\"inLanguage\":\"en-US\",\"@id\":\"https:\/\/old.abrisdunord.com\/en\/produit\/solarium-myrdal-11x10-avec-toit-en-polycarbonate\/#primaryimage\",\"url\":\"https:\/\/old.abrisdunord.com\/wp-content\/uploads\/2025\/03\/81110-14_02.jpg\",\"contentUrl\":\"https:\/\/old.abrisdunord.com\/wp-content\/uploads\/2025\/03\/81110-14_02.jpg\",\"width\":2000,\"height\":1500},{\"@type\":\"BreadcrumbList\",\"@id\":\"https:\/\/old.abrisdunord.com\/en\/produit\/solarium-myrdal-11x10-avec-toit-en-polycarbonate\/#breadcrumb\",\"itemListElement\":[{\"@type\":\"ListItem\",\"position\":1,\"name\":\"Accueil\",\"item\":\"https:\/\/old.abrisdunord.com\/en\/\"},{\"@type\":\"ListItem\",\"position\":2,\"name\":\"Shop\",\"item\":\"https:\/\/old.abrisdunord.com\/en\/shop-2\/\"},{\"@type\":\"ListItem\",\"position\":3,\"name\":\"Solarium Myrdal 11&#215;10 Avec Toit en Polycarbonate\"}]},{\"@type\":\"WebSite\",\"@id\":\"https:\/\/old.abrisdunord.com\/en\/#website\",\"url\":\"https:\/\/old.abrisdunord.com\/en\/\",\"name\":\"Abris Du Nord\",\"description\":\"Location et vente d&#039;abris de tout genre\",\"publisher\":{\"@id\":\"https:\/\/old.abrisdunord.com\/en\/#organization\"},\"potentialAction\":[{\"@type\":\"SearchAction\",\"target\":{\"@type\":\"EntryPoint\",\"urlTemplate\":\"https:\/\/old.abrisdunord.com\/en\/?s={search_term_string}\"},\"query-input\":{\"@type\":\"PropertyValueSpecification\",\"valueRequired\":true,\"valueName\":\"search_term_string\"}}],\"inLanguage\":\"en-US\"},{\"@type\":\"Organization\",\"@id\":\"https:\/\/old.abrisdunord.com\/en\/#organization\",\"name\":\"Abris Du Nord\",\"url\":\"https:\/\/old.abrisdunord.com\/en\/\",\"logo\":{\"@type\":\"ImageObject\",\"inLanguage\":\"en-US\",\"@id\":\"https:\/\/old.abrisdunord.com\/en\/#\/schema\/logo\/image\/\",\"url\":\"https:\/\/old.abrisdunord.com\/wp-content\/uploads\/2022\/07\/Abris-du-nord-logo-web-noir-hd.png\",\"contentUrl\":\"https:\/\/old.abrisdunord.com\/wp-content\/uploads\/2022\/07\/Abris-du-nord-logo-web-noir-hd.png\",\"width\":375,\"height\":300,\"caption\":\"Abris Du Nord\"},\"image\":{\"@id\":\"https:\/\/old.abrisdunord.com\/en\/#\/schema\/logo\/image\/\"},\"sameAs\":[\"https:\/\/www.facebook.com\/abrisdunord\"]}]}<\/script>\n<!-- \/ Yoast SEO plugin. -->","yoast_head_json":{"title":"Solarium Myrdal 11x10 Avec Toit en Polycarbonate - Abris Du Nord","robots":{"index":"noindex","follow":"follow","max-snippet":"max-snippet:-1","max-image-preview":"max-image-preview:large","max-video-preview":"max-video-preview:-1"},"og_locale":"en_US","og_type":"article","og_title":"Solarium Myrdal 11x10 Avec Toit en Polycarbonate - Abris Du Nord","og_description":"Cr\u00e9ez un petit coin de paradis avec nos solariums Myrdal ! Transformez votre cour arri\u00e8re gr\u00e2ce \u00e0 cette nouvelle collection de solariums au toit unique. Cette collection exceptionnelle offre des options pour tous avec sa diversit\u00e9, son \u00e9l\u00e9gance intemporelle et ses diff\u00e9rentes tailles disponibles.  Que vous souhaitiez vous d\u00e9tendre et lire un livre au cr\u00e9puscule, fen\u00eatres ouvertes, vous asseoir paisiblement, portes moustiquaires ferm\u00e9es, pour admirer un orage d'\u00e9t\u00e9, ou encore contempler un magnifique coucher de soleil, avec la lumi\u00e8re traversant le toit en polycarbonate et faisant danser les rayons du soleil sur les fen\u00eatres en PVC, tout est possible. Peut-\u00eatre est-il temps de donner vie \u00e0 votre tableau d\u2019inspiration botanique Pinterest et de cr\u00e9er votre propre oasis, gr\u00e2ce aux crochets de plafond pratiques et \u00e0 la hauteur optimale con\u00e7ue pour concr\u00e9tiser votre vision !  Confort, style, fonctionnalit\u00e9 et possibilit\u00e9s infinies vous attendent avec la collection de solariums Myrdal.  \u2022 Structure en aluminium robuste thermolaqu\u00e9e, prot\u00e9geant de la corrosion et de la rouille \u2022 Toit renforc\u00e9 en polycarbonate de 6 mm avec protection UV int\u00e9gr\u00e9e \u2022 Fen\u00eatres en PVC coulissantes sur cinq positions pour une a\u00e9ration maximale \u2022 Porte coulissante simple","og_url":"https:\/\/old.abrisdunord.com\/en\/produit\/solarium-myrdal-11x10-avec-toit-en-polycarbonate\/","og_site_name":"Abris Du Nord","article_publisher":"https:\/\/www.facebook.com\/abrisdunord","article_modified_time":"2026-01-27T20:21:08+00:00","og_image":[{"width":2000,"height":1500,"url":"https:\/\/old.abrisdunord.com\/wp-content\/uploads\/2025\/03\/81110-14_02.jpg","type":"image\/jpeg"}],"twitter_card":"summary_large_image","twitter_misc":{"Est. reading time":"1 minute"},"schema":{"@context":"https:\/\/schema.org","@graph":[{"@type":"WebPage","@id":"https:\/\/old.abrisdunord.com\/en\/produit\/solarium-myrdal-11x10-avec-toit-en-polycarbonate\/","url":"https:\/\/old.abrisdunord.com\/en\/produit\/solarium-myrdal-11x10-avec-toit-en-polycarbonate\/","name":"Solarium Myrdal 11x10 Avec Toit en Polycarbonate - Abris Du Nord","isPartOf":{"@id":"https:\/\/old.abrisdunord.com\/en\/#website"},"primaryImageOfPage":{"@id":"https:\/\/old.abrisdunord.com\/en\/produit\/solarium-myrdal-11x10-avec-toit-en-polycarbonate\/#primaryimage"},"image":{"@id":"https:\/\/old.abrisdunord.com\/en\/produit\/solarium-myrdal-11x10-avec-toit-en-polycarbonate\/#primaryimage"},"thumbnailUrl":"https:\/\/old.abrisdunord.com\/wp-content\/uploads\/2025\/03\/81110-14_02.jpg","datePublished":"2025-03-10T19:44:44+00:00","dateModified":"2026-01-27T20:21:08+00:00","breadcrumb":{"@id":"https:\/\/old.abrisdunord.com\/en\/produit\/solarium-myrdal-11x10-avec-toit-en-polycarbonate\/#breadcrumb"},"inLanguage":"en-US","potentialAction":[{"@type":"ReadAction","target":["https:\/\/old.abrisdunord.com\/en\/produit\/solarium-myrdal-11x10-avec-toit-en-polycarbonate\/"]}]},{"@type":"ImageObject","inLanguage":"en-US","@id":"https:\/\/old.abrisdunord.com\/en\/produit\/solarium-myrdal-11x10-avec-toit-en-polycarbonate\/#primaryimage","url":"https:\/\/old.abrisdunord.com\/wp-content\/uploads\/2025\/03\/81110-14_02.jpg","contentUrl":"https:\/\/old.abrisdunord.com\/wp-content\/uploads\/2025\/03\/81110-14_02.jpg","width":2000,"height":1500},{"@type":"BreadcrumbList","@id":"https:\/\/old.abrisdunord.com\/en\/produit\/solarium-myrdal-11x10-avec-toit-en-polycarbonate\/#breadcrumb","itemListElement":[{"@type":"ListItem","position":1,"name":"Accueil","item":"https:\/\/old.abrisdunord.com\/en\/"},{"@type":"ListItem","position":2,"name":"Shop","item":"https:\/\/old.abrisdunord.com\/en\/shop-2\/"},{"@type":"ListItem","position":3,"name":"Solarium Myrdal 11&#215;10 Avec Toit en Polycarbonate"}]},{"@type":"WebSite","@id":"https:\/\/old.abrisdunord.com\/en\/#website","url":"https:\/\/old.abrisdunord.com\/en\/","name":"Abris Du Nord","description":"Location et vente d&#039;abris de tout genre","publisher":{"@id":"https:\/\/old.abrisdunord.com\/en\/#organization"},"potentialAction":[{"@type":"SearchAction","target":{"@type":"EntryPoint","urlTemplate":"https:\/\/old.abrisdunord.com\/en\/?s={search_term_string}"},"query-input":{"@type":"PropertyValueSpecification","valueRequired":true,"valueName":"search_term_string"}}],"inLanguage":"en-US"},{"@type":"Organization","@id":"https:\/\/old.abrisdunord.com\/en\/#organization","name":"Abris Du Nord","url":"https:\/\/old.abrisdunord.com\/en\/","logo":{"@type":"ImageObject","inLanguage":"en-US","@id":"https:\/\/old.abrisdunord.com\/en\/#\/schema\/logo\/image\/","url":"https:\/\/old.abrisdunord.com\/wp-content\/uploads\/2022\/07\/Abris-du-nord-logo-web-noir-hd.png","contentUrl":"https:\/\/old.abrisdunord.com\/wp-content\/uploads\/2022\/07\/Abris-du-nord-logo-web-noir-hd.png","width":375,"height":300,"caption":"Abris Du Nord"},"image":{"@id":"https:\/\/old.abrisdunord.com\/en\/#\/schema\/logo\/image\/"},"sameAs":["https:\/\/www.facebook.com\/abrisdunord"]}]}},"_links":{"self":[{"href":"https:\/\/old.abrisdunord.com\/en\/wp-json\/wp\/v2\/product\/11509","targetHints":{"allow":["GET"]}}],"collection":[{"href":"https:\/\/old.abrisdunord.com\/en\/wp-json\/wp\/v2\/product"}],"about":[{"href":"https:\/\/old.abrisdunord.com\/en\/wp-json\/wp\/v2\/types\/product"}],"replies":[{"embeddable":true,"href":"https:\/\/old.abrisdunord.com\/en\/wp-json\/wp\/v2\/comments?post=11509"}],"wp:featuredmedia":[{"embeddable":true,"href":"https:\/\/old.abrisdunord.com\/en\/wp-json\/wp\/v2\/media\/11636"}],"wp:attachment":[{"href":"https:\/\/old.abrisdunord.com\/en\/wp-json\/wp\/v2\/media?parent=11509"}],"wp:term":[{"taxonomy":"product_brand","embeddable":true,"href":"https:\/\/old.abrisdunord.com\/en\/wp-json\/wp\/v2\/product_brand?post=11509"},{"taxonomy":"product_cat","embeddable":true,"href":"https:\/\/old.abrisdunord.com\/en\/wp-json\/wp\/v2\/product_cat?post=11509"},{"taxonomy":"product_tag","embeddable":true,"href":"https:\/\/old.abrisdunord.com\/en\/wp-json\/wp\/v2\/product_tag?post=11509"}],"curies":[{"name":"wp","href":"https:\/\/api.w.org\/{rel}","templated":true}]}}